{"id":432,"date":"2023-07-26T09:18:00","date_gmt":"2023-07-26T09:18:00","guid":{"rendered":"https:\/\/paladohotel.vn\/?page_id=432"},"modified":"2025-11-30T22:07:58","modified_gmt":"2025-11-30T22:07:58","slug":"contact","status":"publish","type":"page","link":"https:\/\/paladohotel.vn\/en\/contact\/","title":{"rendered":"Contact"},"content":{"rendered":"\t\t<div data-elementor-type=\"wp-page\" data-elementor-id=\"432\" class=\"elementor elementor-432\">\n\t\t\t\t\t\t<section class=\"elementor-section elementor-top-section elementor-element elementor-element-0e879f0 elementor-section-boxed elementor-section-height-default elementor-section-height-default\" data-id=\"0e879f0\" data-element_type=\"section\">\n\t\t\t\t\t\t<div class=\"elementor-container elementor-column-gap-default\">\n\t\t\t\t\t<div class=\"elementor-column elementor-col-50 elementor-top-column elementor-element elementor-element-e135565\" data-id=\"e135565\" data-element_type=\"column\">\n\t\t\t<div class=\"elementor-widget-wrap elementor-element-populated\">\n\t\t\t\t\t\t<div class=\"elementor-element elementor-element-5bff294 elementor-widget elementor-widget-qomfort_elementor_heading\" data-id=\"5bff294\" data-element_type=\"widget\" data-widget_type=\"qomfort_elementor_heading.default\">\n\t\t\t\t<div class=\"elementor-widget-container\">\n\t\t\t\t\t\n\t\t<div class=\"ova-heading\">\n\t\t\t\t\t\t\t<p class=\"subtitle\">Contact Us<\/p>\n\t\t\t\t\t\t\n\t\t\t\t\t\t\t\t\t<h2 class=\"title\">Li\u00ean h\u1ec7 Palado Hotel<\/h2>\n\t\t\t\t\n\t\t\t\t\t\t\t\t<\/div>\n\n\t\t\t\t\t\t<\/div>\n\t\t\t\t<\/div>\n\t\t\t\t<div class=\"elementor-element elementor-element-96c8cd1 ova-tabs elementor-tabs-view-horizontal elementor-widget elementor-widget-tabs\" data-id=\"96c8cd1\" data-element_type=\"widget\" data-widget_type=\"tabs.default\">\n\t\t\t\t\t        <div class=\"elementor-tabs\">\n            <div class=\"elementor-tabs-wrapper\" role=\"tablist\" >\n                                    <div id=\"elementor-tab-title-1581\" class=\"elementor-tab-title elementor-tab-desktop-title\" aria-selected=\"true\" data-tab=\"1\" role=\"tab\" tabindex=\"0\" aria-controls=\"elementor-tab-content-1581\" aria-expanded=\"false\"><a href=\"#\">M\u0169i N\u00e9<\/a><\/div>\n                            <\/div>\n            <div class=\"elementor-tabs-content-wrapper\" role=\"tablist\" aria-orientation=\"vertical\">\n                                    <div class=\"elementor-tab-title elementor-tab-mobile-title\" aria-selected=\"true\" data-tab=\"1\" role=\"tab\" tabindex=\"0\" aria-controls=\"elementor-tab-content-1581\" aria-expanded=\"false\">M\u0169i N\u00e9<\/div>\n                    <div id=\"elementor-tab-content-1581\" class=\"elementor-tab-content elementor-clearfix\" data-tab=\"1\" role=\"tabpanel\" aria-labelledby=\"elementor-tab-title-1581\" tabindex=\"0\" hidden=\"false\"><style id=\"elementor-post-1300\">.elementor-1300 .elementor-element.elementor-element-7b0f030 .ova-contact-info .icon{font-size:50px;color:#AB6034;}.elementor-1300 .elementor-element.elementor-element-7b0f030 .ova-contact-info .icon svg{width:50px;}.elementor-1300 .elementor-element.elementor-element-7b0f030 .ova-contact-info .icon svg, .elementor-1300 .elementor-element.elementor-element-7b0f030 .ova-contact-info .icon svg path{fill:#AB6034;}.elementor-1300 .elementor-element.elementor-element-7b0f030 .ova-contact-info{gap:30px;align-items:center;}.elementor-1300 .elementor-element.elementor-element-7b0f030 .ova-contact-info .contact .label{color:#000000;font-size:16px;font-weight:500;}.elementor-1300 .elementor-element.elementor-element-7b0f030 .ova-contact-info .contact .info .item, .elementor-1300 .elementor-element.elementor-element-7b0f030 .ova-contact-info .contact .info .item a{font-size:20px;}.elementor-1300 .elementor-element.elementor-element-0dda28b > .elementor-widget-container{margin:20px 0px 0px 0px;}.elementor-1300 .elementor-element.elementor-element-0dda28b .ova-contact-info .icon{font-size:50px;color:#AB6034;}.elementor-1300 .elementor-element.elementor-element-0dda28b .ova-contact-info .icon svg{width:50px;}.elementor-1300 .elementor-element.elementor-element-0dda28b .ova-contact-info .icon svg, .elementor-1300 .elementor-element.elementor-element-0dda28b .ova-contact-info .icon svg path{fill:#AB6034;}.elementor-1300 .elementor-element.elementor-element-0dda28b .ova-contact-info{gap:30px;align-items:center;}.elementor-1300 .elementor-element.elementor-element-0dda28b .ova-contact-info .contact .label{color:#000000;font-size:16px;font-weight:500;}.elementor-1300 .elementor-element.elementor-element-0dda28b .ova-contact-info .contact .info .item, .elementor-1300 .elementor-element.elementor-element-0dda28b .ova-contact-info .contact .info .item a{font-size:20px;}.elementor-1300 .elementor-element.elementor-element-fac8e01 > .elementor-widget-container{margin:20px 0px 0px 0px;}.elementor-1300 .elementor-element.elementor-element-fac8e01 .ova-contact-info .icon{font-size:50px;color:#AB6034;}.elementor-1300 .elementor-element.elementor-element-fac8e01 .ova-contact-info .icon svg{width:50px;}.elementor-1300 .elementor-element.elementor-element-fac8e01 .ova-contact-info .icon svg, .elementor-1300 .elementor-element.elementor-element-fac8e01 .ova-contact-info .icon svg path{fill:#AB6034;}.elementor-1300 .elementor-element.elementor-element-fac8e01 .ova-contact-info{gap:30px;align-items:center;}.elementor-1300 .elementor-element.elementor-element-fac8e01 .ova-contact-info .contact .label{color:#000000;font-size:16px;font-weight:500;}.elementor-1300 .elementor-element.elementor-element-fac8e01 .ova-contact-info .contact .info .item, .elementor-1300 .elementor-element.elementor-element-fac8e01 .ova-contact-info .contact .info .item a{font-size:20px;}<\/style>\t\t<div data-elementor-type=\"section\" data-elementor-id=\"1300\" class=\"elementor elementor-1300\">\n\t\t\t\t\t\t<section class=\"elementor-section elementor-top-section elementor-element elementor-element-59f7a69 elementor-section-full_width elementor-section-height-default elementor-section-height-default\" data-id=\"59f7a69\" data-element_type=\"section\">\n\t\t\t\t\t\t<div class=\"elementor-container elementor-column-gap-no\">\n\t\t\t\t\t<div class=\"elementor-column elementor-col-100 elementor-top-column elementor-element elementor-element-a6eb7b2\" data-id=\"a6eb7b2\" data-element_type=\"column\">\n\t\t\t<div class=\"elementor-widget-wrap elementor-element-populated\">\n\t\t\t\t\t\t<div class=\"elementor-element elementor-element-7b0f030 elementor-widget elementor-widget-qomfort_elementor_contact_info\" data-id=\"7b0f030\" data-element_type=\"widget\" data-widget_type=\"qomfort_elementor_contact_info.default\">\n\t\t\t\t<div class=\"elementor-widget-container\">\n\t\t\t\t\t\t\t\t<div class=\"ova-contact-info\">\n\t\t\t\t\n\t\t\t\t\t\t\t\t\t<div class=\"icon\">\n\t\t\t\t\t\t<i aria-hidden=\"true\" class=\"qomfort qomfort-location-1\"><\/i>\t\t\t\t\t<\/div>\t\n\t\t\t\t\t\t\t\t\n\n\t\t\t\t<div class=\"contact\">\n\t\t\t\t\t\n\t\t\t\t\t\t\t\t\t\t\t<div class=\"label\">\n\t\t\t\t\t\t\t\u0110\u1ecba ch\u1ec9\t\t\t\t\t\t<\/div>\n\t\t\t\t\t\n\t\t\t\t\t<ul class=\"info\">\n\t\t\t\t\t\t\n\t\t\t\t\t\t\t\t<li class=\"item\">\n\n\t\t\t\t\t\t\t\t\t\t\t\t\t\t\t\t\t\t\t\t\t98B Nguy\u1ec5n \u0110\u00ecnh Chi\u1ec3u, ph\u01b0\u1eddng M\u0169i N\u00e9, t\u1ec9nh L\u00e2m \u0110\u1ed3ng, Vi\u1ec7t Nam\t\t\t\t\t\t\t\t\t\t\t\t\t\t\t\t\t\t\t<\/li>\n\t\t\t\t\t\t\t\n\t\t\t\t\t\t\t\t\t\t\t<\/ul>\n\n\t\t\t\t<\/div>\n\n\t\t\t<\/div>\n\n\t\t\t\t\t\t<\/div>\n\t\t\t\t<\/div>\n\t\t\t\t<div class=\"elementor-element elementor-element-0dda28b elementor-widget elementor-widget-qomfort_elementor_contact_info\" data-id=\"0dda28b\" data-element_type=\"widget\" data-widget_type=\"qomfort_elementor_contact_info.default\">\n\t\t\t\t<div class=\"elementor-widget-container\">\n\t\t\t\t\t\t\t\t<div class=\"ova-contact-info\">\n\t\t\t\t\n\t\t\t\t\t\t\t\t\t<div class=\"icon\">\n\t\t\t\t\t\t<i aria-hidden=\"true\" class=\"qomfort qomfort-email-marketing\"><\/i>\t\t\t\t\t<\/div>\t\n\t\t\t\t\t\t\t\t\n\n\t\t\t\t<div class=\"contact\">\n\t\t\t\t\t\n\t\t\t\t\t\t\t\t\t\t\t<div class=\"label\">\n\t\t\t\t\t\t\tEmail\t\t\t\t\t\t<\/div>\n\t\t\t\t\t\n\t\t\t\t\t<ul class=\"info\">\n\t\t\t\t\t\t\n\t\t\t\t\t\t\t\t<li class=\"item\">\n\n\t\t\t\t\t\t\t\t\t\t\t\t\t\t\t\t\t\t\t\t\t<a href=\"mailto:sales@paladohotel.vn \">\n\t\t\t\t\t\t\t\t\t\t\t\t\tsales@paladohotel.vn\t\t\t\t\t\t\t\t\t\t\t\t<\/a>\n\t\t\t\t\t\t\t\t\t\t\t\t\t\t\t\t\t\t\t<\/li>\n\t\t\t\t\t\t\t\n\t\t\t\t\t\t\t\t\t\t\t<\/ul>\n\n\t\t\t\t<\/div>\n\n\t\t\t<\/div>\n\n\t\t\t\t\t\t<\/div>\n\t\t\t\t<\/div>\n\t\t\t\t<div class=\"elementor-element elementor-element-fac8e01 elementor-widget elementor-widget-qomfort_elementor_contact_info\" data-id=\"fac8e01\" data-element_type=\"widget\" data-widget_type=\"qomfort_elementor_contact_info.default\">\n\t\t\t\t<div class=\"elementor-widget-container\">\n\t\t\t\t\t\t\t\t<div class=\"ova-contact-info\">\n\t\t\t\t\n\t\t\t\t\t\t\t\t\t<div class=\"icon\">\n\t\t\t\t\t\t<i aria-hidden=\"true\" class=\"qomfort qomfort-call\"><\/i>\t\t\t\t\t<\/div>\t\n\t\t\t\t\t\t\t\t\n\n\t\t\t\t<div class=\"contact\">\n\t\t\t\t\t\n\t\t\t\t\t\t\t\t\t\t\t<div class=\"label\">\n\t\t\t\t\t\t\tHotline\t\t\t\t\t\t<\/div>\n\t\t\t\t\t\n\t\t\t\t\t<ul class=\"info\">\n\t\t\t\t\t\t\n\t\t\t\t\t\t\t\t<li class=\"item\">\n\n\t\t\t\t\t\t\t\t\t\t\t\t\t\t\t\t\t\t\t\t\t<a href=\"tel:02523556565 \">\n\t\t\t\t\t\t\t\t\t\t\t\t\t02523556565\t\t\t\t\t\t\t\t\t\t\t\t<\/a>\n\t\t\t\t\t\t\t\t\t\t\t\t\t\t\t\t\t\t\t<\/li>\n\t\t\t\t\t\t\t\n\t\t\t\t\t\t\n\t\t\t\t\t\t\t\t<li class=\"item\">\n\n\t\t\t\t\t\t\t\t\t\t\t\t\t\t\t\t\t\t\t\t\t<a href=\"tel:0913962244 \">\n\t\t\t\t\t\t\t\t\t\t\t\t\t0913962244\t\t\t\t\t\t\t\t\t\t\t\t<\/a>\n\t\t\t\t\t\t\t\t\t\t\t\t\t\t\t\t\t\t\t<\/li>\n\t\t\t\t\t\t\t\n\t\t\t\t\t\t\n\t\t\t\t\t\t\t\t<li class=\"item\">\n\n\t\t\t\t\t\t\t\t\t\t\t\t\t\t\t\t\t\t\t\t\t<a href=\"tel: 0915520285  \">\n\t\t\t\t\t\t\t\t\t\t\t\t\t 0915520285 \t\t\t\t\t\t\t\t\t\t\t\t<\/a>\n\t\t\t\t\t\t\t\t\t\t\t\t\t\t\t\t\t\t\t<\/li>\n\t\t\t\t\t\t\t\n\t\t\t\t\t\t\t\t\t\t\t<\/ul>\n\n\t\t\t\t<\/div>\n\n\t\t\t<\/div>\n\n\t\t\t\t\t\t<\/div>\n\t\t\t\t<\/div>\n\t\t\t\t\t<\/div>\n\t\t<\/div>\n\t\t\t\t\t<\/div>\n\t\t<\/section>\n\t\t\t\t<\/div>\n\t\t<\/div>\n                            <\/div>\n        <\/div>\n        \t\t\t\t<\/div>\n\t\t\t\t\t<\/div>\n\t\t<\/div>\n\t\t\t\t<div class=\"elementor-column elementor-col-50 elementor-top-column elementor-element elementor-element-d9bf352\" data-id=\"d9bf352\" data-element_type=\"column\">\n\t\t\t<div class=\"elementor-widget-wrap elementor-element-populated\">\n\t\t\t\t\t\t<section class=\"elementor-section elementor-inner-section elementor-element elementor-element-445713b elementor-section-full_width elementor-section-height-default elementor-section-height-default\" data-id=\"445713b\" data-element_type=\"section\" data-settings=\"{&quot;background_background&quot;:&quot;classic&quot;}\">\n\t\t\t\t\t\t<div class=\"elementor-container elementor-column-gap-no\">\n\t\t\t\t\t<div class=\"elementor-column elementor-col-100 elementor-inner-column elementor-element elementor-element-84e3542\" data-id=\"84e3542\" data-element_type=\"column\">\n\t\t\t<div class=\"elementor-widget-wrap elementor-element-populated\">\n\t\t\t\t\t\t<div class=\"elementor-element elementor-element-abb584f elementor-widget elementor-widget-qomfort_elementor_heading\" data-id=\"abb584f\" data-element_type=\"widget\" data-widget_type=\"qomfort_elementor_heading.default\">\n\t\t\t\t<div class=\"elementor-widget-container\">\n\t\t\t\t\t\n\t\t<div class=\"ova-heading\">\n\t\t\t\t\t\t\n\t\t\t\t\t\t\t\t\t<h2 class=\"title\">Send Us Message<\/h2>\n\t\t\t\t\n\t\t\t\t\t\t\t\t\t\t<p class=\"desc\">Your email address will not be published. Required fields are marked *<\/p>\n\t\t\t\t\t<\/div>\n\n\t\t\t\t\t\t<\/div>\n\t\t\t\t<\/div>\n\t\t\t\t<div class=\"elementor-element elementor-element-2e41a6f elementor-widget elementor-widget-shortcode\" data-id=\"2e41a6f\" data-element_type=\"widget\" data-widget_type=\"shortcode.default\">\n\t\t\t\t\t\t\t<div class=\"elementor-shortcode\">\n<div class=\"wpcf7 no-js\" id=\"wpcf7-f7-p432-o1\" lang=\"vi\" dir=\"ltr\" data-wpcf7-id=\"7\">\n<div class=\"screen-reader-response\"><p role=\"status\" aria-live=\"polite\" aria-atomic=\"true\"><\/p> <ul><\/ul><\/div>\n<form action=\"\/en\/contact\/#wpcf7-f7-p432-o1\" method=\"post\" class=\"wpcf7-form init\" aria-label=\"Form li\u00ean h\u1ec7\" novalidate=\"novalidate\" data-status=\"init\">\n<fieldset class=\"hidden-fields-container\"><input type=\"hidden\" name=\"_wpcf7\" value=\"7\" \/><input type=\"hidden\" name=\"_wpcf7_version\" value=\"6.1.4\" \/><input type=\"hidden\" name=\"_wpcf7_locale\" value=\"vi\" \/><input type=\"hidden\" name=\"_wpcf7_unit_tag\" value=\"wpcf7-f7-p432-o1\" \/><input type=\"hidden\" name=\"_wpcf7_container_post\" value=\"432\" \/><input type=\"hidden\" name=\"_wpcf7_posted_data_hash\" value=\"\" \/>\n<\/fieldset>\n<p><label> Your name<br \/>\n<span class=\"wpcf7-form-control-wrap\" data-name=\"your-name\"><input size=\"40\" maxlength=\"400\" class=\"wpcf7-form-control wpcf7-text wpcf7-validates-as-required\" autocomplete=\"name\" aria-required=\"true\" aria-invalid=\"false\" value=\"\" type=\"text\" name=\"your-name\" \/><\/span> <\/label>\n<\/p>\n<p><label> Your email<br \/>\n<span class=\"wpcf7-form-control-wrap\" data-name=\"your-email\"><input size=\"40\" maxlength=\"400\" class=\"wpcf7-form-control wpcf7-email wpcf7-validates-as-required wpcf7-text wpcf7-validates-as-email\" autocomplete=\"email\" aria-required=\"true\" aria-invalid=\"false\" value=\"\" type=\"email\" name=\"your-email\" \/><\/span> <\/label>\n<\/p>\n<p><label> Subject<br \/>\n<span class=\"wpcf7-form-control-wrap\" data-name=\"your-subject\"><input size=\"40\" maxlength=\"400\" class=\"wpcf7-form-control wpcf7-text wpcf7-validates-as-required\" aria-required=\"true\" aria-invalid=\"false\" value=\"\" type=\"text\" name=\"your-subject\" \/><\/span> <\/label>\n<\/p>\n<p><label> Your message (optional)<br \/>\n<span class=\"wpcf7-form-control-wrap\" data-name=\"your-message\"><textarea cols=\"40\" rows=\"10\" maxlength=\"2000\" class=\"wpcf7-form-control wpcf7-textarea\" aria-invalid=\"false\" name=\"your-message\"><\/textarea><\/span> <\/label>\n<\/p>\n<p><input class=\"wpcf7-form-control wpcf7-submit has-spinner\" type=\"submit\" value=\"Submit\" \/>\n<\/p><div class=\"wpcf7-response-output\" aria-hidden=\"true\"><\/div>\n<\/form>\n<\/div>\n<\/div>\n\t\t\t\t\t\t<\/div>\n\t\t\t\t\t<\/div>\n\t\t<\/div>\n\t\t\t\t\t<\/div>\n\t\t<\/section>\n\t\t\t\t\t<\/div>\n\t\t<\/div>\n\t\t\t\t\t<\/div>\n\t\t<\/section>\n\t\t\t\t<section class=\"elementor-section elementor-top-section elementor-element elementor-element-cb81a8f elementor-section-boxed elementor-section-height-default elementor-section-height-default\" data-id=\"cb81a8f\" data-element_type=\"section\">\n\t\t\t\t\t\t<div class=\"elementor-container elementor-column-gap-no\">\n\t\t\t\t\t<div class=\"elementor-column elementor-col-100 elementor-top-column elementor-element elementor-element-4b041dd\" data-id=\"4b041dd\" data-element_type=\"column\">\n\t\t\t<div class=\"elementor-widget-wrap elementor-element-populated\">\n\t\t\t\t\t\t<div class=\"elementor-element elementor-element-a28a167 elementor-widget elementor-widget-google_maps\" data-id=\"a28a167\" data-element_type=\"widget\" data-widget_type=\"google_maps.default\">\n\t\t\t\t\t\t\t<div class=\"elementor-custom-embed\">\n\t\t\t<iframe loading=\"lazy\"\n\t\t\t\t\tsrc=\"https:\/\/maps.google.com\/maps?q=Palado%20Hotel%20Mui%20Ne&#038;t=m&#038;z=15&#038;output=embed&#038;iwloc=near\"\n\t\t\t\t\ttitle=\"Palado Hotel Mui Ne\"\n\t\t\t\t\taria-label=\"Palado Hotel Mui Ne\"\n\t\t\t><\/iframe>\n\t\t<\/div>\n\t\t\t\t\t\t<\/div>\n\t\t\t\t\t<\/div>\n\t\t<\/div>\n\t\t\t\t\t<\/div>\n\t\t<\/section>\n\t\t\t\t<\/div>\n\t\t","protected":false},"excerpt":{"rendered":"<p>Contact Us Li\u00ean h\u1ec7 Palado Hotel M\u0169i N\u00e9 M\u0169i N\u00e9 \u0110\u1ecba ch\u1ec9 98B Nguy\u1ec5n \u0110\u00ecnh Chi\u1ec3u, ph\u01b0\u1eddng M\u0169i N\u00e9, t\u1ec9nh L\u00e2m \u0110\u1ed3ng, Vi\u1ec7t Nam Email sales@paladohotel.vn Hotline 02523556565 0913962244 0915520285 Send Us Message Your email address will not be published. Required fields are marked *<\/p>\n","protected":false},"author":1,"featured_media":0,"parent":0,"menu_order":0,"comment_status":"closed","ping_status":"closed","template":"elementor_header_footer","meta":{"footnotes":""},"class_list":["post-432","page","type-page","status-publish","hentry"],"yoast_head":"<!-- This site is optimized with the Yoast SEO Premium plugin v22.6 (Yoast SEO v26.8) - https:\/\/yoast.com\/product\/yoast-seo-premium-wordpress\/ -->\n<title>Contact - Palado Hotel<\/title>\n<meta name=\"robots\" content=\"index, follow, max-snippet:-1, max-image-preview:large, max-video-preview:-1\" \/>\n<link rel=\"canonical\" href=\"https:\/\/paladohotel.vn\/en\/contact\/\" \/>\n<meta property=\"og:locale\" content=\"vi_VN\" \/>\n<meta property=\"og:type\" content=\"article\" \/>\n<meta property=\"og:title\" content=\"Contact\" \/>\n<meta property=\"og:description\" content=\"Contact Us Li\u00ean h\u1ec7 Palado Hotel M\u0169i N\u00e9 M\u0169i N\u00e9 \u0110\u1ecba ch\u1ec9 98B Nguy\u1ec5n \u0110\u00ecnh Chi\u1ec3u, ph\u01b0\u1eddng M\u0169i N\u00e9, t\u1ec9nh L\u00e2m \u0110\u1ed3ng, Vi\u1ec7t Nam Email sales@paladohotel.vn Hotline 02523556565 0913962244 0915520285 Send Us Message Your email address will not be published. Required fields are marked *\" \/>\n<meta property=\"og:url\" content=\"https:\/\/paladohotel.vn\/en\/contact\/\" \/>\n<meta property=\"og:site_name\" content=\"Palado Hotel\" \/>\n<meta property=\"article:modified_time\" content=\"2025-11-30T22:07:58+00:00\" \/>\n<meta name=\"twitter:card\" content=\"summary_large_image\" \/>\n<meta name=\"twitter:label1\" content=\"\u01af\u1edbc t\u00ednh th\u1eddi gian \u0111\u1ecdc\" \/>\n\t<meta name=\"twitter:data1\" content=\"1 ph\u00fat\" \/>\n<script type=\"application\/ld+json\" class=\"yoast-schema-graph\">{\"@context\":\"https:\/\/schema.org\",\"@graph\":[{\"@type\":\"WebPage\",\"@id\":\"https:\/\/paladohotel.vn\/en\/contact\/\",\"url\":\"https:\/\/paladohotel.vn\/en\/contact\/\",\"name\":\"Contact - Palado Hotel\",\"isPartOf\":{\"@id\":\"https:\/\/paladohotel.vn\/en\/#website\"},\"datePublished\":\"2023-07-26T09:18:00+00:00\",\"dateModified\":\"2025-11-30T22:07:58+00:00\",\"breadcrumb\":{\"@id\":\"https:\/\/paladohotel.vn\/en\/contact\/#breadcrumb\"},\"inLanguage\":\"vi\",\"potentialAction\":[{\"@type\":\"ReadAction\",\"target\":[\"https:\/\/paladohotel.vn\/en\/contact\/\"]}]},{\"@type\":\"BreadcrumbList\",\"@id\":\"https:\/\/paladohotel.vn\/en\/contact\/#breadcrumb\",\"itemListElement\":[{\"@type\":\"ListItem\",\"position\":1,\"name\":\"Home\",\"item\":\"https:\/\/paladohotel.vn\/en\/\"},{\"@type\":\"ListItem\",\"position\":2,\"name\":\"Contact\"}]},{\"@type\":\"WebSite\",\"@id\":\"https:\/\/paladohotel.vn\/en\/#website\",\"url\":\"https:\/\/paladohotel.vn\/en\/\",\"name\":\"Palado Hotel\",\"description\":\"\",\"publisher\":{\"@id\":\"https:\/\/paladohotel.vn\/en\/#organization\"},\"potentialAction\":[{\"@type\":\"SearchAction\",\"target\":{\"@type\":\"EntryPoint\",\"urlTemplate\":\"https:\/\/paladohotel.vn\/en\/?s={search_term_string}\"},\"query-input\":{\"@type\":\"PropertyValueSpecification\",\"valueRequired\":true,\"valueName\":\"search_term_string\"}}],\"inLanguage\":\"vi\"},{\"@type\":\"Organization\",\"@id\":\"https:\/\/paladohotel.vn\/en\/#organization\",\"name\":\"Palado Hotel\",\"url\":\"https:\/\/paladohotel.vn\/en\/\",\"logo\":{\"@type\":\"ImageObject\",\"inLanguage\":\"vi\",\"@id\":\"https:\/\/paladohotel.vn\/en\/#\/schema\/logo\/image\/\",\"url\":\"https:\/\/vn1.vdrive.vn\/paladohotel.vn\/2023\/07\/logocam2-1.png\",\"contentUrl\":\"https:\/\/vn1.vdrive.vn\/paladohotel.vn\/2023\/07\/logocam2-1.png\",\"width\":300,\"height\":100,\"caption\":\"Palado Hotel\"},\"image\":{\"@id\":\"https:\/\/paladohotel.vn\/en\/#\/schema\/logo\/image\/\"}}]}<\/script>\n<!-- \/ Yoast SEO Premium plugin. -->","yoast_head_json":{"title":"Contact - Palado Hotel","robots":{"index":"index","follow":"follow","max-snippet":"max-snippet:-1","max-image-preview":"max-image-preview:large","max-video-preview":"max-video-preview:-1"},"canonical":"https:\/\/paladohotel.vn\/en\/contact\/","og_locale":"vi_VN","og_type":"article","og_title":"Contact","og_description":"Contact Us Li\u00ean h\u1ec7 Palado Hotel M\u0169i N\u00e9 M\u0169i N\u00e9 \u0110\u1ecba ch\u1ec9 98B Nguy\u1ec5n \u0110\u00ecnh Chi\u1ec3u, ph\u01b0\u1eddng M\u0169i N\u00e9, t\u1ec9nh L\u00e2m \u0110\u1ed3ng, Vi\u1ec7t Nam Email sales@paladohotel.vn Hotline 02523556565 0913962244 0915520285 Send Us Message Your email address will not be published. Required fields are marked *","og_url":"https:\/\/paladohotel.vn\/en\/contact\/","og_site_name":"Palado Hotel","article_modified_time":"2025-11-30T22:07:58+00:00","twitter_card":"summary_large_image","twitter_misc":{"\u01af\u1edbc t\u00ednh th\u1eddi gian \u0111\u1ecdc":"1 ph\u00fat"},"schema":{"@context":"https:\/\/schema.org","@graph":[{"@type":"WebPage","@id":"https:\/\/paladohotel.vn\/en\/contact\/","url":"https:\/\/paladohotel.vn\/en\/contact\/","name":"Contact - Palado Hotel","isPartOf":{"@id":"https:\/\/paladohotel.vn\/en\/#website"},"datePublished":"2023-07-26T09:18:00+00:00","dateModified":"2025-11-30T22:07:58+00:00","breadcrumb":{"@id":"https:\/\/paladohotel.vn\/en\/contact\/#breadcrumb"},"inLanguage":"vi","potentialAction":[{"@type":"ReadAction","target":["https:\/\/paladohotel.vn\/en\/contact\/"]}]},{"@type":"BreadcrumbList","@id":"https:\/\/paladohotel.vn\/en\/contact\/#breadcrumb","itemListElement":[{"@type":"ListItem","position":1,"name":"Home","item":"https:\/\/paladohotel.vn\/en\/"},{"@type":"ListItem","position":2,"name":"Contact"}]},{"@type":"WebSite","@id":"https:\/\/paladohotel.vn\/en\/#website","url":"https:\/\/paladohotel.vn\/en\/","name":"Palado Hotel","description":"","publisher":{"@id":"https:\/\/paladohotel.vn\/en\/#organization"},"potentialAction":[{"@type":"SearchAction","target":{"@type":"EntryPoint","urlTemplate":"https:\/\/paladohotel.vn\/en\/?s={search_term_string}"},"query-input":{"@type":"PropertyValueSpecification","valueRequired":true,"valueName":"search_term_string"}}],"inLanguage":"vi"},{"@type":"Organization","@id":"https:\/\/paladohotel.vn\/en\/#organization","name":"Palado Hotel","url":"https:\/\/paladohotel.vn\/en\/","logo":{"@type":"ImageObject","inLanguage":"vi","@id":"https:\/\/paladohotel.vn\/en\/#\/schema\/logo\/image\/","url":"https:\/\/vn1.vdrive.vn\/paladohotel.vn\/2023\/07\/logocam2-1.png","contentUrl":"https:\/\/vn1.vdrive.vn\/paladohotel.vn\/2023\/07\/logocam2-1.png","width":300,"height":100,"caption":"Palado Hotel"},"image":{"@id":"https:\/\/paladohotel.vn\/en\/#\/schema\/logo\/image\/"}}]}},"_links":{"self":[{"href":"https:\/\/paladohotel.vn\/en\/wp-json\/wp\/v2\/pages\/432","targetHints":{"allow":["GET"]}}],"collection":[{"href":"https:\/\/paladohotel.vn\/en\/wp-json\/wp\/v2\/pages"}],"about":[{"href":"https:\/\/paladohotel.vn\/en\/wp-json\/wp\/v2\/types\/page"}],"author":[{"embeddable":true,"href":"https:\/\/paladohotel.vn\/en\/wp-json\/wp\/v2\/users\/1"}],"replies":[{"embeddable":true,"href":"https:\/\/paladohotel.vn\/en\/wp-json\/wp\/v2\/comments?post=432"}],"version-history":[{"count":9,"href":"https:\/\/paladohotel.vn\/en\/wp-json\/wp\/v2\/pages\/432\/revisions"}],"predecessor-version":[{"id":5064,"href":"https:\/\/paladohotel.vn\/en\/wp-json\/wp\/v2\/pages\/432\/revisions\/5064"}],"wp:attachment":[{"href":"https:\/\/paladohotel.vn\/en\/wp-json\/wp\/v2\/media?parent=432"}],"curies":[{"name":"wp","href":"https:\/\/api.w.org\/{rel}","templated":true}]}}